{"id":52,"date":"2023-07-11T17:20:55","date_gmt":"2023-07-11T17:20:55","guid":{"rendered":"https:\/\/www.akademia-rozwoju-firmy.pl\/?page_id=52"},"modified":"2023-08-28T15:37:21","modified_gmt":"2023-08-28T15:37:21","slug":"strona","status":"publish","type":"page","link":"https:\/\/www.akademia-rozwoju-firmy.pl\/","title":{"rendered":"Strona"},"content":{"rendered":"<p>[et_pb_section fb_built=&#8221;1&#8243; _builder_version=&#8221;4.22.1&#8243; _module_preset=&#8221;default&#8221; background_color=&#8221;#050a30&#8243; background_enable_image=&#8221;off&#8221; background_size=&#8221;contain&#8221; width=&#8221;100%&#8221; max_width=&#8221;100%&#8221; module_alignment=&#8221;center&#8221; height=&#8221;100%&#8221; custom_margin=&#8221;0px|0px|0px|0px|false|false&#8221; custom_padding=&#8221;0px|0px|0px|0px|false|false&#8221; hover_enabled=&#8221;0&#8243; global_colors_info=&#8221;{}&#8221; max_height__hover_enabled=&#8221;off|desktop&#8221; sticky_enabled=&#8221;0&#8243;][et_pb_row make_equal=&#8221;on&#8221; _builder_version=&#8221;4.22.1&#8243; _module_preset=&#8221;default&#8221; width=&#8221;100%&#8221; max_width=&#8221;100%&#8221; custom_margin=&#8221;0px|0px|0px|0px|false|false&#8221; custom_padding=&#8221;0px|0px|0px|0px|false|false&#8221; hover_enabled=&#8221;0&#8243; global_colors_info=&#8221;{}&#8221; sticky_enabled=&#8221;0&#8243;][et_pb_column type=&#8221;4_4&#8243; _builder_version=&#8221;4.22.1&#8243; _module_preset=&#8221;default&#8221; global_colors_info=&#8221;{}&#8221;][et_pb_image src=&#8221;https:\/\/www.akademia-rozwoju-firmy.pl\/wp-content\/uploads\/2023\/08\/banner-arf-1920-x-400-1.png&#8221; title_text=&#8221;banner arf 1920 x 400 (1)&#8221; align=&#8221;center&#8221; force_fullwidth=&#8221;on&#8221; _builder_version=&#8221;4.22.1&#8243; _module_preset=&#8221;default&#8221; hover_enabled=&#8221;0&#8243; global_colors_info=&#8221;{}&#8221; sticky_enabled=&#8221;0&#8243;][\/et_pb_image][\/et_pb_column][\/et_pb_row][\/et_pb_section][et_pb_section fb_built=&#8221;1&#8243; _builder_version=&#8221;4.21.0&#8243; _module_preset=&#8221;default&#8221; background_color=&#8221;#041889&#8243; height=&#8221;40px&#8221; custom_margin=&#8221;0px|0px|0px|0px|false|false&#8221; custom_padding=&#8221;0px|0px|0px|0px|false|false&#8221; global_colors_info=&#8221;{}&#8221;][et_pb_row _builder_version=&#8221;4.21.0&#8243; _module_preset=&#8221;default&#8221; module_alignment=&#8221;center&#8221; custom_margin=&#8221;0px|0px|0px|0px|false|false&#8221; custom_padding=&#8221;0px|0px|0px|0px|false|false&#8221; global_colors_info=&#8221;{}&#8221;][et_pb_column type=&#8221;4_4&#8243; _builder_version=&#8221;4.21.0&#8243; _module_preset=&#8221;default&#8221; global_colors_info=&#8221;{}&#8221;][et_pb_text _builder_version=&#8221;4.21.0&#8243; _module_preset=&#8221;default&#8221; height=&#8221;40px&#8221; custom_padding=&#8221;8px||8px||false|false&#8221; global_colors_info=&#8221;{}&#8221;]<\/p>\n<p style=\"text-align: center;\"><span style=\"color: #ffffff;\">Your content goes here. Edit or remove this text inline or in the module Content settings.<\/span><\/p>\n<p>[\/et_pb_text][\/et_pb_column][\/et_pb_row][\/et_pb_section][et_pb_section fb_built=&#8221;1&#8243; _builder_version=&#8221;4.22.1&#8243; _module_preset=&#8221;default&#8221; background_enable_color=&#8221;off&#8221; custom_margin=&#8221;|0px||0px|false|false&#8221; custom_padding=&#8221;0px|5%|0px|5%|false|false&#8221; global_colors_info=&#8221;{}&#8221;][et_pb_row column_structure=&#8221;1_3,2_3&#8243; _builder_version=&#8221;4.22.1&#8243; _module_preset=&#8221;default&#8221; width=&#8221;100%&#8221; max_width=&#8221;100%&#8221; custom_padding=&#8221;47px||47px||false|false&#8221; global_colors_info=&#8221;{}&#8221;][et_pb_column type=&#8221;1_3&#8243; _builder_version=&#8221;4.21.0&#8243; _module_preset=&#8221;default&#8221; global_colors_info=&#8221;{}&#8221;][et_pb_image src=&#8221;https:\/\/www.akademia-rozwoju-firmy.pl\/wp-content\/uploads\/2023\/08\/grafiki-kwadratowe-na-strone-1.png&#8221; title_text=&#8221;grafiki kwadratowe na strone (1)&#8221; align=&#8221;center&#8221; _builder_version=&#8221;4.22.1&#8243; _module_preset=&#8221;default&#8221; module_alignment=&#8221;center&#8221; custom_padding=&#8221;0px|||||&#8221; hover_enabled=&#8221;0&#8243; global_colors_info=&#8221;{}&#8221; sticky_enabled=&#8221;0&#8243;][\/et_pb_image][\/et_pb_column][et_pb_column type=&#8221;2_3&#8243; _builder_version=&#8221;4.21.0&#8243; _module_preset=&#8221;default&#8221; global_colors_info=&#8221;{}&#8221;][et_pb_text _builder_version=&#8221;4.21.0&#8243; _module_preset=&#8221;default&#8221; header_font=&#8221;Lato|700|||||||&#8221; header_text_color=&#8221;#000000&#8243; min_height=&#8221;0px&#8221; custom_padding=&#8221;40px|||||&#8221; global_colors_info=&#8221;{}&#8221;]<\/p>\n<h1>Pomo\u017cemy Ci rozwin\u0105\u0107 skrzyd\u0142a!<\/h1>\n<p>[\/et_pb_text][et_pb_text _builder_version=&#8221;4.21.2&#8243; _module_preset=&#8221;default&#8221; global_colors_info=&#8221;{}&#8221; custom_padding=&#8221;|0px||||&#8221;]<\/p>\n<p><span style=\"font-weight: 400;\">Rozpoczynasz swoj\u0105 przygod\u0119 z prowadzeniem w\u0142asnej firmy? Szukasz miejsca, kt\u00f3re pomo\u017ce Ci rozwija\u0107 skrzyd\u0142a i osi\u0105gn\u0105\u0107 sukces? Trafi\u0142e\u015b w odpowiednie miejsce!<\/span><\/p>\n<p>&nbsp;<\/p>\n<p><b>Akademia Rozwoju Firmy<\/b><span style=\"font-weight: 400;\"> to idealne rozwi\u0105zanie dla tych, kt\u00f3rzy ozpoczynaj\u0105 swoj\u0105 drog\u0119 w biznesie lub czuj\u0105, \u017ce utkn\u0119li w miejscu. Przygotowali\u015bmy kompleksowy program wsparcia biznesu, kt\u00f3ry dostarczy\u00a0 niezb\u0119dnej wiedzy i narz\u0119dzi, aby m\u00f3c skutecznie rozwija\u0107 swoj\u0105 firm\u0119.<\/span><\/p>\n<p>&nbsp;<\/p>\n<p><span style=\"font-weight: 400;\">Niezale\u017cnie od tego, czy potrzebujesz porad w zakresie doradztwa zawodowego, wsparcia w e-commerce, pozyskiwania dotacji, czy us\u0142ug marketingowych i social media &#8211; mamy dla Ciebie odpowiednie rozwi\u0105zania. Mo\u017cesz wybra\u0107<\/span><b> kompleksowy program wsparcia<\/b><span style=\"font-weight: 400;\">, kt\u00f3ry obejmuje wszystkie te obszary, lub skorzysta\u0107 z pojedynczych us\u0142ug, kt\u00f3re najbardziej odpowiadaj\u0105 Twoim potrzebom.<\/span><\/p>\n<p>[\/et_pb_text][\/et_pb_column][\/et_pb_row][\/et_pb_section][et_pb_section fb_built=&#8221;1&#8243; _builder_version=&#8221;4.22.1&#8243; _module_preset=&#8221;default&#8221; background_enable_color=&#8221;off&#8221; custom_padding=&#8221;0px|5%|0px|5%|false|false&#8221; global_colors_info=&#8221;{}&#8221;][et_pb_row column_structure=&#8221;3_5,2_5&#8243; _builder_version=&#8221;4.22.1&#8243; _module_preset=&#8221;default&#8221; width=&#8221;100%&#8221; max_width=&#8221;100%&#8221; custom_padding=&#8221;||47px||false|false&#8221; global_colors_info=&#8221;{}&#8221;][et_pb_column type=&#8221;3_5&#8243; _builder_version=&#8221;4.21.2&#8243; _module_preset=&#8221;default&#8221; global_colors_info=&#8221;{}&#8221;][et_pb_text _builder_version=&#8221;4.21.2&#8243; _module_preset=&#8221;default&#8221; custom_margin=&#8221;160px|||||&#8221; global_colors_info=&#8221;{}&#8221;]<\/p>\n<p><b>Akademia Rozwoju Firmy<\/b><span style=\"font-weight: 400;\"> to tak\u017ce miejsce, w kt\u00f3rym spotkasz si\u0119 z zespo\u0142em specjalist\u00f3w, kt\u00f3rzy posiadaj\u0105 bogate do\u015bwiadczenie i wiedz\u0119 w r\u00f3\u017cnych dziedzinach. B\u0119d\u0105 Ci\u0119 wspiera\u0107 i udziela\u0107 niezb\u0119dnych porad na ka\u017cdym etapie Twojej drogi do sukcesu.<\/span><\/p>\n<p>&nbsp;<\/p>\n<p><span style=\"font-weight: 400;\">Nie czekaj d\u0142u\u017cej! Razem pomo\u017cemy Ci osi\u0105gn\u0105\u0107 zamierzone cele i zbudowa\u0107 solidne fundamenty dla Twojej firmy.<\/span><\/p>\n<p>[\/et_pb_text][et_pb_button button_text=&#8221;Dowied\u017a si\u0119 wi\u0119cej&#8221; button_alignment=&#8221;left&#8221; _builder_version=&#8221;4.21.0&#8243; _module_preset=&#8221;default&#8221; custom_button=&#8221;on&#8221; button_text_size=&#8221;14px&#8221; button_text_color=&#8221;#FFFFFF&#8221; button_bg_color=&#8221;#041889&#8243; button_border_width=&#8221;0px&#8221; button_border_color=&#8221;RGBA(255,255,255,0)&#8221; button_border_radius=&#8221;30px&#8221; button_font=&#8221;Lato||||||||&#8221; button_use_icon=&#8221;off&#8221; custom_padding=&#8221;8px|30px|8px|30px|false|false&#8221; global_colors_info=&#8221;{}&#8221;][\/et_pb_button][\/et_pb_column][et_pb_column type=&#8221;2_5&#8243; _builder_version=&#8221;4.21.0&#8243; _module_preset=&#8221;default&#8221; global_colors_info=&#8221;{}&#8221;][et_pb_image src=&#8221;https:\/\/www.akademia-rozwoju-firmy.pl\/wp-content\/uploads\/2023\/08\/grafiki-kwadratowe-na-strone.png&#8221; title_text=&#8221;grafiki kwadratowe na strone&#8221; align=&#8221;center&#8221; _builder_version=&#8221;4.22.1&#8243; _module_preset=&#8221;default&#8221; module_alignment=&#8221;center&#8221; custom_padding=&#8221;0px|||||&#8221; global_colors_info=&#8221;{}&#8221;][\/et_pb_image][\/et_pb_column][\/et_pb_row][\/et_pb_section][et_pb_section fb_built=&#8221;1&#8243; prev_background_color=&#8221;#ffffff&#8221; _builder_version=&#8221;4.22.1&#8243; _module_preset=&#8221;default&#8221; background_color=&#8221;#f2f2f2&#8243; custom_padding=&#8221;120px||13px|||&#8221; top_divider_style=&#8221;arrow2&#8243; global_colors_info=&#8221;{}&#8221;][et_pb_row column_structure=&#8221;1_3,1_3,1_3&#8243; use_custom_gutter=&#8221;on&#8221; gutter_width=&#8221;2&#8243; _builder_version=&#8221;4.22.1&#8243; _module_preset=&#8221;default&#8221; width=&#8221;100%&#8221; max_width=&#8221;100%&#8221; module_alignment=&#8221;center&#8221; custom_margin=&#8221;||||false|false&#8221; custom_padding=&#8221;|5%|0px|5%|false|false&#8221; global_colors_info=&#8221;{}&#8221;][et_pb_column type=&#8221;1_3&#8243; _builder_version=&#8221;4.22.1&#8243; _module_preset=&#8221;default&#8221; global_colors_info=&#8221;{}&#8221;][et_pb_image src=&#8221;https:\/\/www.akademia-rozwoju-firmy.pl\/wp-content\/uploads\/2023\/08\/doradca.png&#8221; title_text=&#8221;doradca&#8221; align=&#8221;center&#8221; _builder_version=&#8221;4.22.1&#8243; _module_preset=&#8221;default&#8221; custom_margin=&#8221;0px||0px||false|false&#8221; custom_padding=&#8221;0px||0px||false|false&#8221; global_colors_info=&#8221;{}&#8221;][\/et_pb_image][et_pb_text _builder_version=&#8221;4.21.2&#8243; _module_preset=&#8221;default&#8221; custom_padding=&#8221;10%|10%|10%|10%|false|false&#8221; global_colors_info=&#8221;{}&#8221;]<\/p>\n<p><b>Odkryj swoj\u0105 drog\u0119 zawodow\u0105!<\/b><span style=\"font-weight: 400;\"><br \/><\/span><span style=\"font-weight: 400;\">Pomo\u017cemy Ci zidentyfikowa\u0107 umiej\u0119tno\u015bci i zainteresowania\u00a0 i znale\u017a\u0107 odpowiedni dla Ciebie profil zawodowy, kt\u00f3ry wykorzystasz w biznesie.<\/span><\/p>\n<p>[\/et_pb_text][\/et_pb_column][et_pb_column type=&#8221;1_3&#8243; _builder_version=&#8221;4.21.0&#8243; _module_preset=&#8221;default&#8221; global_colors_info=&#8221;{}&#8221;][et_pb_image src=&#8221;https:\/\/www.akademia-rozwoju-firmy.pl\/wp-content\/uploads\/2023\/08\/ksiegowosc.png&#8221; title_text=&#8221;ksiegowosc&#8221; align=&#8221;center&#8221; _builder_version=&#8221;4.22.1&#8243; _module_preset=&#8221;default&#8221; custom_margin=&#8221;0px||0px||false|false&#8221; custom_padding=&#8221;0px||0px||false|false&#8221; global_colors_info=&#8221;{}&#8221;][\/et_pb_image][et_pb_text _builder_version=&#8221;4.21.2&#8243; _module_preset=&#8221;default&#8221; custom_padding=&#8221;10%|10%|10%|10%|false|false&#8221; global_colors_info=&#8221;{}&#8221;]<\/p>\n<p><b>Rzetelne doradztwo ksi\u0119gowe dla twojej firmy<\/b><span style=\"font-weight: 400;\">.<\/span><span style=\"font-weight: 400;\"><br \/><\/span><span style=\"font-weight: 400;\">Nie wiesz jakie wybra\u0107 rozliczenie? Zastanawiasz si\u0119 co to dzia\u0142alno\u015b\u0107 nierejestrowana? Nie wiesz za\u0142o\u017cy\u0107 firm\u0119 w CEIDG<\/span><\/p>\n<p>[\/et_pb_text][\/et_pb_column][et_pb_column type=&#8221;1_3&#8243; _builder_version=&#8221;4.21.0&#8243; _module_preset=&#8221;default&#8221; global_colors_info=&#8221;{}&#8221;][et_pb_image src=&#8221;https:\/\/www.akademia-rozwoju-firmy.pl\/wp-content\/uploads\/2023\/08\/strony.png&#8221; title_text=&#8221;strony&#8221; align=&#8221;center&#8221; _builder_version=&#8221;4.22.1&#8243; _module_preset=&#8221;default&#8221; custom_margin=&#8221;0px||0px||false|false&#8221; custom_padding=&#8221;0px||0px||false|false&#8221; global_colors_info=&#8221;{}&#8221;][\/et_pb_image][et_pb_text _builder_version=&#8221;4.21.2&#8243; _module_preset=&#8221;default&#8221; custom_padding=&#8221;10%|10%|10%|10%|false|false&#8221; global_colors_info=&#8221;{}&#8221;]<\/p>\n<p><b>Rozwi\u0144 sw\u00f3j biznes online.<\/b><\/p>\n<p><span style=\"font-weight: 400;\">W\u0142asna strona internetowa, landing page a mo\u017ce sklep?<\/span><span style=\"font-weight: 400;\"><br \/><\/span><span style=\"font-weight: 400;\">Potrzebujesz strategii sprzeda\u017cy a mo\u017ce pomocy w sprzeda\u017cy marketplace\u2019ach takich jak Allegro, Etsy czy eBay?<\/span><\/p>\n<p>[\/et_pb_text][\/et_pb_column][\/et_pb_row][et_pb_row column_structure=&#8221;1_3,1_3,1_3&#8243; use_custom_gutter=&#8221;on&#8221; gutter_width=&#8221;2&#8243; _builder_version=&#8221;4.22.1&#8243; _module_preset=&#8221;default&#8221; width=&#8221;100%&#8221; max_width=&#8221;100%&#8221; module_alignment=&#8221;center&#8221; custom_margin=&#8221;||||false|false&#8221; custom_padding=&#8221;|5%|9px|5%|false|false&#8221; global_colors_info=&#8221;{}&#8221;][et_pb_column type=&#8221;1_3&#8243; _builder_version=&#8221;4.22.1&#8243; _module_preset=&#8221;default&#8221; global_colors_info=&#8221;{}&#8221;][et_pb_image src=&#8221;https:\/\/www.akademia-rozwoju-firmy.pl\/wp-content\/uploads\/2023\/08\/marka-osobista.png&#8221; title_text=&#8221;marka osobista&#8221; align=&#8221;center&#8221; _builder_version=&#8221;4.22.1&#8243; _module_preset=&#8221;default&#8221; custom_margin=&#8221;0px||0px||false|false&#8221; custom_padding=&#8221;0px||0px||false|false&#8221; global_colors_info=&#8221;{}&#8221;][\/et_pb_image][et_pb_text _builder_version=&#8221;4.21.2&#8243; _module_preset=&#8221;default&#8221; custom_padding=&#8221;10%|10%|10%|10%|false|false&#8221; global_colors_info=&#8221;{}&#8221;]<\/p>\n<p><span style=\"font-weight: 400;\">Stw\u00f3rz mark\u0119 osobist\u0105 lub produktow\u0105.<\/span><\/p>\n<p><span style=\"font-weight: 400;\">Potrzebujesz oprawy wizualnej? Nie wiesz jak zabra\u0107 si\u0119 za Social Media? Automatyzacja newslettera Ci\u0119 przera\u017ca<\/span><\/p>\n<p>[\/et_pb_text][\/et_pb_column][et_pb_column type=&#8221;1_3&#8243; _builder_version=&#8221;4.21.0&#8243; _module_preset=&#8221;default&#8221; global_colors_info=&#8221;{}&#8221;][et_pb_image src=&#8221;https:\/\/www.akademia-rozwoju-firmy.pl\/wp-content\/uploads\/2023\/08\/dotacje.png&#8221; title_text=&#8221;dotacje&#8221; align=&#8221;center&#8221; _builder_version=&#8221;4.22.1&#8243; _module_preset=&#8221;default&#8221; custom_margin=&#8221;0px||0px||false|false&#8221; custom_padding=&#8221;0px||0px||false|false&#8221; global_colors_info=&#8221;{}&#8221;][\/et_pb_image][et_pb_text _builder_version=&#8221;4.21.2&#8243; _module_preset=&#8221;default&#8221; custom_padding=&#8221;10%|10%|10%|10%|false|false&#8221; global_colors_info=&#8221;{}&#8221;]<\/p>\n<p><span style=\"font-weight: 400;\">Poszukujesz dotacji na otwarcie dzia\u0142alno\u015bci? Chcesz zorientowa\u0107 si\u0119 w mo\u017cliwo\u015bciach dofinansowania z funduszy unijnych?<\/span><\/p>\n<p>[\/et_pb_text][\/et_pb_column][et_pb_column type=&#8221;1_3&#8243; _builder_version=&#8221;4.21.0&#8243; _module_preset=&#8221;default&#8221; global_colors_info=&#8221;{}&#8221;][\/et_pb_column][\/et_pb_row][\/et_pb_section]<\/p>\n","protected":false},"excerpt":{"rendered":"<p>Your content goes here. Edit or remove this text inline or in the module Content settings.Pomo\u017cemy Ci rozwin\u0105\u0107 skrzyd\u0142a!Rozpoczynasz swoj\u0105 przygod\u0119 z prowadzeniem w\u0142asnej firmy? Szukasz miejsca, kt\u00f3re pomo\u017ce Ci rozwija\u0107 skrzyd\u0142a i osi\u0105gn\u0105\u0107 sukces? Trafi\u0142e\u015b w odpowiednie miejsce! &nbsp; Akademia Rozwoju Firmy to idealne rozwi\u0105zanie dla tych, kt\u00f3rzy ozpoczynaj\u0105 swoj\u0105 drog\u0119 w biznesie lub [&hellip;]<\/p>\n","protected":false},"author":1,"featured_media":0,"parent":0,"menu_order":0,"comment_status":"closed","ping_status":"closed","template":"","meta":{"_et_pb_use_builder":"on","_et_pb_old_content":"","_et_gb_content_width":""},"_links":{"self":[{"href":"https:\/\/www.akademia-rozwoju-firmy.pl\/index.php\/wp-json\/wp\/v2\/pages\/52"}],"collection":[{"href":"https:\/\/www.akademia-rozwoju-firmy.pl\/index.php\/wp-json\/wp\/v2\/pages"}],"about":[{"href":"https:\/\/www.akademia-rozwoju-firmy.pl\/index.php\/wp-json\/wp\/v2\/types\/page"}],"author":[{"embeddable":true,"href":"https:\/\/www.akademia-rozwoju-firmy.pl\/index.php\/wp-json\/wp\/v2\/users\/1"}],"replies":[{"embeddable":true,"href":"https:\/\/www.akademia-rozwoju-firmy.pl\/index.php\/wp-json\/wp\/v2\/comments?post=52"}],"version-history":[{"count":32,"href":"https:\/\/www.akademia-rozwoju-firmy.pl\/index.php\/wp-json\/wp\/v2\/pages\/52\/revisions"}],"predecessor-version":[{"id":178,"href":"https:\/\/www.akademia-rozwoju-firmy.pl\/index.php\/wp-json\/wp\/v2\/pages\/52\/revisions\/178"}],"wp:attachment":[{"href":"https:\/\/www.akademia-rozwoju-firmy.pl\/index.php\/wp-json\/wp\/v2\/media?parent=52"}],"curies":[{"name":"wp","href":"https:\/\/api.w.org\/{rel}","templated":true}]}}